{"id":26066,"date":"2023-09-22T11:02:24","date_gmt":"2023-09-22T09:02:24","guid":{"rendered":"https:\/\/develop.visionmedia.nu\/pensionat-bjorkelund\/kontakt\/"},"modified":"2025-09-24T12:12:19","modified_gmt":"2025-09-24T10:12:19","slug":"kontakt","status":"publish","type":"page","link":"https:\/\/xn--pensionat-bjrkelund-16b.se\/de\/kontakt\/","title":{"rendered":"Kontakt\/Anfahrt"},"content":{"rendered":"<p>[et_pb_section fb_built=&#8220;1&#8243; _builder_version=&#8220;4.22.2&#8243; background_color=&#8220;rgba(0,0,0,0.13)&#8220; background_image=&#8220;https:\/\/xn--pensionat-bjrkelund-16b.se\/wp-content\/uploads\/2023\/09\/header-2023-09-22T131159.921.jpg&#8220; background_blend=&#8220;overlay&#8220; custom_padding=&#8220;107px||107px||true|&#8220; saved_tabs=&#8220;all&#8220; locked=&#8220;off&#8220; global_colors_info=&#8220;{}&#8220;][et_pb_row _builder_version=&#8220;4.22.2&#8243; width=&#8220;90%&#8220; max_width=&#8220;1200px&#8220; global_colors_info=&#8220;{}&#8220;][et_pb_column type=&#8220;4_4&#8243; _builder_version=&#8220;4.16&#8243; custom_padding=&#8220;|||&#8220; global_colors_info=&#8220;{}&#8220; custom_padding__hover=&#8220;|||&#8220;][et_pb_post_title meta=&#8220;off&#8220; featured_image=&#8220;off&#8220; _builder_version=&#8220;4.22.2&#8243; title_font=&#8220;|700||on|||||&#8220; title_text_align=&#8220;left&#8220; title_text_color=&#8220;#ffffff&#8220; title_font_size=&#8220;7vh&#8220; title_font_size_tablet=&#8220;&#8220; title_font_size_phone=&#8220;7vh&#8220; title_font_size_last_edited=&#8220;on|phone&#8220; global_colors_info=&#8220;{}&#8220;][\/et_pb_post_title][\/et_pb_column][\/et_pb_row][\/et_pb_section][et_pb_section fb_built=&#8220;1&#8243; admin_label=&#8220;Featured Products&#8220; _builder_version=&#8220;4.16&#8243; custom_padding=&#8220;80px|0px|80px|0px|true&#8220; locked=&#8220;off&#8220; global_colors_info=&#8220;{}&#8220;][et_pb_row column_structure=&#8220;2_3,1_3&#8243; _builder_version=&#8220;4.22.2&#8243; width=&#8220;90%&#8220; max_width=&#8220;1200px&#8220; custom_padding=&#8220;27px|0px|16px|0px|false|false&#8220; global_colors_info=&#8220;{}&#8220;][et_pb_column type=&#8220;2_3&#8243; _builder_version=&#8220;4.16&#8243; custom_padding=&#8220;|||&#8220; global_colors_info=&#8220;{}&#8220; custom_padding__hover=&#8220;|||&#8220;][et_pb_text _builder_version=&#8220;4.22.2&#8243; text_font=&#8220;Oswald|||on|||||&#8220; text_text_color=&#8220;#be982f&#8220; text_font_size=&#8220;16px&#8220; text_letter_spacing=&#8220;1px&#8220; text_line_height=&#8220;1em&#8220; custom_margin=&#8220;||0px|||&#8220; global_colors_info=&#8220;{}&#8220;]Pensionat Bj\u00f6rkelund[\/et_pb_text][et_pb_text _builder_version=&#8220;4.22.2&#8243; header_3_font=&#8220;Old Standard TT|700|||||||&#8220; header_3_text_align=&#8220;left&#8220; header_3_text_color=&#8220;#353330&#8243; header_3_font_size=&#8220;45px&#8220; custom_margin=&#8220;|0px|-2px|0px|false|false&#8220; custom_margin_tablet=&#8220;-10px||||false|false&#8220; custom_margin_phone=&#8220;-10px||||false|false&#8220; custom_margin_last_edited=&#8220;on|phone&#8220; custom_padding=&#8220;6px|0px||0px|false|false&#8220; header_3_font_size_tablet=&#8220;&#8220; header_3_font_size_phone=&#8220;30px&#8220; header_3_font_size_last_edited=&#8220;on|phone&#8220; global_colors_info=&#8220;{}&#8220;]<\/p>\n<h3>Hierher finden<\/h3>\n<p>[\/et_pb_text][et_pb_text _builder_version=&#8220;4.22.2&#8243; text_font=&#8220;Old Standard TT||||||||&#8220; text_text_color=&#8220;#716e6b&#8220; text_font_size=&#8220;18px&#8220; text_line_height=&#8220;1.8em&#8220; custom_margin=&#8220;-3px||||false|false&#8220; custom_margin_tablet=&#8220;-10px||||false|false&#8220; custom_margin_phone=&#8220;-10px||||false|false&#8220; custom_margin_last_edited=&#8220;on|phone&#8220; global_colors_info=&#8220;{}&#8220;]<\/p>\n<p data-start=\"49\" data-end=\"260\">Mit dem Auto erreichen Sie uns bequem \u00fcber die Reichsstra\u00dfe 23 von Malm\u00f6 oder V\u00e4xj\u00f6 (Ausfahrt Di\u00f6 \/ M\u00f6ckeln) oder von \u00c4lmhult \u00fcber die Hauptstra\u00dfe 600 (V\u00e4xj\u00f6v\u00e4gen) in Richtung Di\u00f6.<br data-start=\"229\" data-end=\"232\" \/>GPS: 56.610056 \/ 14.180951<\/p>\n<p data-start=\"262\" data-end=\"347\">Mit dem Flugzeug \u00fcber Kopenhagen und dann direkt mit dem Zug nach \u00c4lmhult oder Di\u00f6.<\/p>\n<p data-start=\"349\" data-end=\"464\">Mit dem Zug k\u00f6nnen Sie entweder den Bahnhof \u00c4lmhult oder den neuen Bahnhof in Di\u00f6 (3 km von uns entfernt) w\u00e4hlen.<\/p>\n<p data-start=\"466\" data-end=\"543\">Falls Sie ein Mietauto ben\u00f6tigen, finden Sie in \u00c4lmhult eine Hertz-Station.<\/p>\n<p>[\/et_pb_text][\/et_pb_column][et_pb_column type=&#8220;1_3&#8243; _builder_version=&#8220;4.16&#8243; custom_padding=&#8220;|||&#8220; global_colors_info=&#8220;{}&#8220; custom_padding__hover=&#8220;|||&#8220;][et_pb_image src=&#8220;https:\/\/xn--pensionat-bjrkelund-16b.se\/wp-content\/uploads\/2023\/10\/imgcard-2023-10-18T153117.951.jpg&#8220; title_text=&#8220;imgcard &#8211; 2023-10-18T153117.951&#8243; _builder_version=&#8220;4.22.2&#8243; _module_preset=&#8220;default&#8220; global_colors_info=&#8220;{}&#8220;][\/et_pb_image][\/et_pb_column][\/et_pb_row][\/et_pb_section][et_pb_section fb_built=&#8220;1&#8243; _builder_version=&#8220;4.16&#8243; background_color=&#8220;rgba(0,0,0,0)&#8220; custom_padding=&#8220;0px|0px|78px|0px|false|false&#8220; locked=&#8220;off&#8220; global_colors_info=&#8220;{}&#8220;][et_pb_row column_structure=&#8220;1_3,1_3,1_3&#8243; use_custom_gutter=&#8220;on&#8220; gutter_width=&#8220;1&#8243; make_equal=&#8220;on&#8220; _builder_version=&#8220;4.22.2&#8243; background_color=&#8220;#be982f&#8220; z_index=&#8220;999&#8243; custom_padding=&#8220;64px||64px||true|&#8220; global_colors_info=&#8220;{}&#8220;][et_pb_column type=&#8220;1_3&#8243; _builder_version=&#8220;4.16&#8243; custom_padding=&#8220;|||&#8220; global_colors_info=&#8220;{}&#8220; custom_padding__hover=&#8220;|||&#8220;][et_pb_blurb title=&#8220;Telefon&#8220; use_icon=&#8220;on&#8220; font_icon=&#8220;&#xe00b;||divi||400&#8243; icon_color=&#8220;#ffffff&#8220; image_icon_width=&#8220;50px&#8220; _builder_version=&#8220;4.22.2&#8243; header_font=&#8220;|700||on|||||&#8220; header_text_align=&#8220;center&#8220; header_text_color=&#8220;#ffffff&#8220; header_font_size=&#8220;18px&#8220; body_font=&#8220;|300|||||||&#8220; body_text_align=&#8220;center&#8220; body_text_color=&#8220;#ffffff&#8220; body_font_size=&#8220;16px&#8220; body_line_height=&#8220;1.8em&#8220; background_color=&#8220;rgba(56,56,56,0)&#8220; custom_padding=&#8220;0px|33px|0px|33px|true|true&#8220; animation=&#8220;off&#8220; border_color_all=&#8220;#297FCA&#8220; icon_font_size=&#8220;50px&#8220; global_colors_info=&#8220;{}&#8220;]<\/p>\n<p>Klingeln Sie<br \/><strong>+46 (0)476 211 11<br \/>+46 (0)723 871 852<\/strong><\/p>\n<p><strong><\/strong><\/p>\n<p>[\/et_pb_blurb][\/et_pb_column][et_pb_column type=&#8220;1_3&#8243; _builder_version=&#8220;4.16&#8243; custom_padding=&#8220;|||&#8220; global_colors_info=&#8220;{}&#8220; custom_padding__hover=&#8220;|||&#8220;][et_pb_blurb title=&#8220;E-Mail&#8220; use_icon=&#8220;on&#8220; font_icon=&#8220;&#xe010;||divi||400&#8243; icon_color=&#8220;#ffffff&#8220; image_icon_width=&#8220;50px&#8220; _builder_version=&#8220;4.22.2&#8243; header_font=&#8220;|700||on|||||&#8220; header_text_align=&#8220;center&#8220; header_text_color=&#8220;#ffffff&#8220; header_font_size=&#8220;18px&#8220; body_font=&#8220;|300|||||||&#8220; body_text_align=&#8220;center&#8220; body_text_color=&#8220;#ffffff&#8220; body_font_size=&#8220;16px&#8220; body_line_height=&#8220;1.8em&#8220; background_color=&#8220;rgba(56,56,56,0)&#8220; custom_padding=&#8220;0px|33px|0px|33px|true|true&#8220; animation=&#8220;off&#8220; border_color_all=&#8220;#297FCA&#8220; border_width_right=&#8220;1px&#8220; border_color_right=&#8220;rgba(226,226,226,0.24)&#8220; border_width_left=&#8220;1px&#8220; border_color_left=&#8220;rgba(226,226,226,0.24)&#8220; icon_font_size=&#8220;50px&#8220; global_colors_info=&#8220;{}&#8220;]<\/p>\n<p>Fragen?<\/p>\n<p><strong>info@pensionat-bjorkelund.se<\/strong><\/p>\n<p>[\/et_pb_blurb][\/et_pb_column][et_pb_column type=&#8220;1_3&#8243; _builder_version=&#8220;4.16&#8243; custom_padding=&#8220;|||&#8220; global_colors_info=&#8220;{}&#8220; custom_padding__hover=&#8220;|||&#8220;][et_pb_blurb title=&#8220;Adresse&#8220; use_icon=&#8220;on&#8220; font_icon=&#8220;&#xe01d;||divi||400&#8243; icon_color=&#8220;#ffffff&#8220; image_icon_width=&#8220;50px&#8220; _builder_version=&#8220;4.22.2&#8243; header_font=&#8220;|700||on|||||&#8220; header_text_align=&#8220;center&#8220; header_text_color=&#8220;#ffffff&#8220; header_font_size=&#8220;18px&#8220; body_font=&#8220;|300|||||||&#8220; body_text_align=&#8220;center&#8220; body_text_color=&#8220;#ffffff&#8220; body_font_size=&#8220;16px&#8220; body_line_height=&#8220;1.8em&#8220; background_color=&#8220;rgba(56,56,56,0)&#8220; custom_padding=&#8220;0px|33px|0px|33px|true|true&#8220; animation=&#8220;off&#8220; border_color_all=&#8220;#297FCA&#8220; icon_font_size=&#8220;50px&#8220; global_colors_info=&#8220;{}&#8220;]Finden Sie uns<\/p>\n<p><strong>Stenbrohult Bj\u00f6rkelund 1<br \/>\n343 71 Di\u00f6 (\u00c4lmhult)<\/strong>[\/et_pb_blurb][\/et_pb_column][\/et_pb_row][\/et_pb_section][et_pb_section fb_built=&#8220;1&#8243; fullwidth=&#8220;on&#8220; _builder_version=&#8220;4.20.2&#8243; _module_preset=&#8220;default&#8220; custom_margin=&#8220;-147px||||false|false&#8220; locked=&#8220;off&#8220; global_colors_info=&#8220;{}&#8220;][et_pb_fullwidth_map address=&#8220;BJ\u00d6RKELUND, 343 71 Di\u00f6, Sverige&#8220; zoom_level=&#8220;12&#8243; address_lat=&#8220;56.6100347&#8243; address_lng=&#8220;14.1811614&#8243; mouse_wheel=&#8220;off&#8220; _builder_version=&#8220;4.22.2&#8243; _module_preset=&#8220;default&#8220; global_colors_info=&#8220;{}&#8220;][et_pb_map_pin pin_address=&#8220;BJ\u00d6RKELUND, 343 71 Di\u00f6, Sverige&#8220; pin_address_lat=&#8220;56.6100347&#8243; pin_address_lng=&#8220;14.1811614&#8243; _builder_version=&#8220;4.22.2&#8243; _module_preset=&#8220;default&#8220; global_colors_info=&#8220;{}&#8220;][\/et_pb_map_pin][\/et_pb_fullwidth_map][\/et_pb_section]<\/p>\n","protected":false},"excerpt":{"rendered":"<p>Pensionat Bj\u00f6rkelundHierher findenMit dem Auto erreichen Sie uns bequem \u00fcber die Reichsstra\u00dfe 23 von Malm\u00f6 oder V\u00e4xj\u00f6 (Ausfahrt Di\u00f6 \/ M\u00f6ckeln) oder von \u00c4lmhult \u00fcber die Hauptstra\u00dfe 600 (V\u00e4xj\u00f6v\u00e4gen) in Richtung Di\u00f6.GPS: 56.610056 \/ 14.180951 Mit dem Flugzeug \u00fcber Kopenhagen und dann direkt mit dem Zug nach \u00c4lmhult oder Di\u00f6. Mit dem Zug k\u00f6nnen Sie [&hellip;]<\/p>\n","protected":false},"author":1,"featured_media":0,"parent":0,"menu_order":0,"comment_status":"closed","ping_status":"closed","template":"","meta":{"_et_pb_use_builder":"on","_et_pb_old_content":"","_et_gb_content_width":"","_monsterinsights_skip_tracking":false,"_monsterinsights_sitenote_active":false,"_monsterinsights_sitenote_note":"","_monsterinsights_sitenote_category":0,"footnotes":""},"dipi_cpt_category":[],"class_list":["post-26066","page","type-page","status-publish","hentry"],"yoast_head":"<!-- This site is optimized with the Yoast SEO plugin v27.5 - https:\/\/yoast.com\/product\/yoast-seo-wordpress\/ -->\n<title>Kontakt\/Anfahrt - Pensionat Bj\u00f6rkelund<\/title>\n<meta name=\"robots\" content=\"index, follow, max-snippet:-1, max-image-preview:large, max-video-preview:-1\" \/>\n<link rel=\"canonical\" href=\"https:\/\/xn--pensionat-bjrkelund-16b.se\/de\/kontakt\/\" \/>\n<meta property=\"og:locale\" content=\"de_DE\" \/>\n<meta property=\"og:type\" content=\"article\" \/>\n<meta property=\"og:title\" content=\"Kontakt\/Anfahrt - Pensionat Bj\u00f6rkelund\" \/>\n<meta property=\"og:description\" content=\"Pensionat Bj\u00f6rkelundHierher findenMit dem Auto erreichen Sie uns bequem \u00fcber die Reichsstra\u00dfe 23 von Malm\u00f6 oder V\u00e4xj\u00f6 (Ausfahrt Di\u00f6 \/ M\u00f6ckeln) oder von \u00c4lmhult \u00fcber die Hauptstra\u00dfe 600 (V\u00e4xj\u00f6v\u00e4gen) in Richtung Di\u00f6.GPS: 56.610056 \/ 14.180951 Mit dem Flugzeug \u00fcber Kopenhagen und dann direkt mit dem Zug nach \u00c4lmhult oder Di\u00f6. Mit dem Zug k\u00f6nnen Sie [&hellip;]\" \/>\n<meta property=\"og:url\" content=\"https:\/\/xn--pensionat-bjrkelund-16b.se\/de\/kontakt\/\" \/>\n<meta property=\"og:site_name\" content=\"Pensionat Bj\u00f6rkelund\" \/>\n<meta property=\"article:publisher\" content=\"https:\/\/m.facebook.com\/people\/Pensionat-Bjrkelund\/100063884322381\/\" \/>\n<meta property=\"article:modified_time\" content=\"2025-09-24T10:12:19+00:00\" \/>\n<meta name=\"twitter:card\" content=\"summary_large_image\" \/>\n<meta name=\"twitter:label1\" content=\"Gesch\u00e4tzte Lesezeit\" \/>\n\t<meta name=\"twitter:data1\" content=\"5\u00a0Minuten\" \/>\n<script type=\"application\/ld+json\" class=\"yoast-schema-graph\">{\"@context\":\"https:\\\/\\\/schema.org\",\"@graph\":[{\"@type\":\"WebPage\",\"@id\":\"https:\\\/\\\/xn--pensionat-bjrkelund-16b.se\\\/de\\\/kontakt\\\/\",\"url\":\"https:\\\/\\\/xn--pensionat-bjrkelund-16b.se\\\/de\\\/kontakt\\\/\",\"name\":\"Kontakt\\\/Anfahrt - Pensionat Bj\u00f6rkelund\",\"isPartOf\":{\"@id\":\"https:\\\/\\\/xn--pensionat-bjrkelund-16b.se\\\/de\\\/#website\"},\"datePublished\":\"2023-09-22T09:02:24+00:00\",\"dateModified\":\"2025-09-24T10:12:19+00:00\",\"breadcrumb\":{\"@id\":\"https:\\\/\\\/xn--pensionat-bjrkelund-16b.se\\\/de\\\/kontakt\\\/#breadcrumb\"},\"inLanguage\":\"de\",\"potentialAction\":[{\"@type\":\"ReadAction\",\"target\":[\"https:\\\/\\\/xn--pensionat-bjrkelund-16b.se\\\/de\\\/kontakt\\\/\"]}]},{\"@type\":\"BreadcrumbList\",\"@id\":\"https:\\\/\\\/xn--pensionat-bjrkelund-16b.se\\\/de\\\/kontakt\\\/#breadcrumb\",\"itemListElement\":[{\"@type\":\"ListItem\",\"position\":1,\"name\":\"Hem\",\"item\":\"https:\\\/\\\/xn--pensionat-bjrkelund-16b.se\\\/de\\\/\"},{\"@type\":\"ListItem\",\"position\":2,\"name\":\"Kontakt\\\/Anfahrt\"}]},{\"@type\":\"WebSite\",\"@id\":\"https:\\\/\\\/xn--pensionat-bjrkelund-16b.se\\\/de\\\/#website\",\"url\":\"https:\\\/\\\/xn--pensionat-bjrkelund-16b.se\\\/de\\\/\",\"name\":\"https:\\\/\\\/xn--pensionat-bjrkelund-16b.se\",\"description\":\"\",\"publisher\":{\"@id\":\"https:\\\/\\\/xn--pensionat-bjrkelund-16b.se\\\/de\\\/#organization\"},\"potentialAction\":[{\"@type\":\"SearchAction\",\"target\":{\"@type\":\"EntryPoint\",\"urlTemplate\":\"https:\\\/\\\/xn--pensionat-bjrkelund-16b.se\\\/de\\\/?s={search_term_string}\"},\"query-input\":{\"@type\":\"PropertyValueSpecification\",\"valueRequired\":true,\"valueName\":\"search_term_string\"}}],\"inLanguage\":\"de\"},{\"@type\":\"Organization\",\"@id\":\"https:\\\/\\\/xn--pensionat-bjrkelund-16b.se\\\/de\\\/#organization\",\"name\":\"https:\\\/\\\/xn--pensionat-bjrkelund-16b.se\",\"url\":\"https:\\\/\\\/xn--pensionat-bjrkelund-16b.se\\\/de\\\/\",\"logo\":{\"@type\":\"ImageObject\",\"inLanguage\":\"de\",\"@id\":\"https:\\\/\\\/xn--pensionat-bjrkelund-16b.se\\\/de\\\/#\\\/schema\\\/logo\\\/image\\\/\",\"url\":\"https:\\\/\\\/xn--pensionat-bjrkelund-16b.se\\\/wp-content\\\/uploads\\\/2023\\\/10\\\/large-logo.png\",\"contentUrl\":\"https:\\\/\\\/xn--pensionat-bjrkelund-16b.se\\\/wp-content\\\/uploads\\\/2023\\\/10\\\/large-logo.png\",\"width\":1050,\"height\":659,\"caption\":\"https:\\\/\\\/xn--pensionat-bjrkelund-16b.se\"},\"image\":{\"@id\":\"https:\\\/\\\/xn--pensionat-bjrkelund-16b.se\\\/de\\\/#\\\/schema\\\/logo\\\/image\\\/\"},\"sameAs\":[\"https:\\\/\\\/m.facebook.com\\\/people\\\/Pensionat-Bjrkelund\\\/100063884322381\\\/\"]}]}<\/script>\n<!-- \/ Yoast SEO plugin. -->","yoast_head_json":{"title":"Kontakt\/Anfahrt - Pensionat Bj\u00f6rkelund","robots":{"index":"index","follow":"follow","max-snippet":"max-snippet:-1","max-image-preview":"max-image-preview:large","max-video-preview":"max-video-preview:-1"},"canonical":"https:\/\/xn--pensionat-bjrkelund-16b.se\/de\/kontakt\/","og_locale":"de_DE","og_type":"article","og_title":"Kontakt\/Anfahrt - Pensionat Bj\u00f6rkelund","og_description":"Pensionat Bj\u00f6rkelundHierher findenMit dem Auto erreichen Sie uns bequem \u00fcber die Reichsstra\u00dfe 23 von Malm\u00f6 oder V\u00e4xj\u00f6 (Ausfahrt Di\u00f6 \/ M\u00f6ckeln) oder von \u00c4lmhult \u00fcber die Hauptstra\u00dfe 600 (V\u00e4xj\u00f6v\u00e4gen) in Richtung Di\u00f6.GPS: 56.610056 \/ 14.180951 Mit dem Flugzeug \u00fcber Kopenhagen und dann direkt mit dem Zug nach \u00c4lmhult oder Di\u00f6. Mit dem Zug k\u00f6nnen Sie [&hellip;]","og_url":"https:\/\/xn--pensionat-bjrkelund-16b.se\/de\/kontakt\/","og_site_name":"Pensionat Bj\u00f6rkelund","article_publisher":"https:\/\/m.facebook.com\/people\/Pensionat-Bjrkelund\/100063884322381\/","article_modified_time":"2025-09-24T10:12:19+00:00","twitter_card":"summary_large_image","twitter_misc":{"Gesch\u00e4tzte Lesezeit":"5\u00a0Minuten"},"schema":{"@context":"https:\/\/schema.org","@graph":[{"@type":"WebPage","@id":"https:\/\/xn--pensionat-bjrkelund-16b.se\/de\/kontakt\/","url":"https:\/\/xn--pensionat-bjrkelund-16b.se\/de\/kontakt\/","name":"Kontakt\/Anfahrt - Pensionat Bj\u00f6rkelund","isPartOf":{"@id":"https:\/\/xn--pensionat-bjrkelund-16b.se\/de\/#website"},"datePublished":"2023-09-22T09:02:24+00:00","dateModified":"2025-09-24T10:12:19+00:00","breadcrumb":{"@id":"https:\/\/xn--pensionat-bjrkelund-16b.se\/de\/kontakt\/#breadcrumb"},"inLanguage":"de","potentialAction":[{"@type":"ReadAction","target":["https:\/\/xn--pensionat-bjrkelund-16b.se\/de\/kontakt\/"]}]},{"@type":"BreadcrumbList","@id":"https:\/\/xn--pensionat-bjrkelund-16b.se\/de\/kontakt\/#breadcrumb","itemListElement":[{"@type":"ListItem","position":1,"name":"Hem","item":"https:\/\/xn--pensionat-bjrkelund-16b.se\/de\/"},{"@type":"ListItem","position":2,"name":"Kontakt\/Anfahrt"}]},{"@type":"WebSite","@id":"https:\/\/xn--pensionat-bjrkelund-16b.se\/de\/#website","url":"https:\/\/xn--pensionat-bjrkelund-16b.se\/de\/","name":"https:\/\/xn--pensionat-bjrkelund-16b.se","description":"","publisher":{"@id":"https:\/\/xn--pensionat-bjrkelund-16b.se\/de\/#organization"},"potentialAction":[{"@type":"SearchAction","target":{"@type":"EntryPoint","urlTemplate":"https:\/\/xn--pensionat-bjrkelund-16b.se\/de\/?s={search_term_string}"},"query-input":{"@type":"PropertyValueSpecification","valueRequired":true,"valueName":"search_term_string"}}],"inLanguage":"de"},{"@type":"Organization","@id":"https:\/\/xn--pensionat-bjrkelund-16b.se\/de\/#organization","name":"https:\/\/xn--pensionat-bjrkelund-16b.se","url":"https:\/\/xn--pensionat-bjrkelund-16b.se\/de\/","logo":{"@type":"ImageObject","inLanguage":"de","@id":"https:\/\/xn--pensionat-bjrkelund-16b.se\/de\/#\/schema\/logo\/image\/","url":"https:\/\/xn--pensionat-bjrkelund-16b.se\/wp-content\/uploads\/2023\/10\/large-logo.png","contentUrl":"https:\/\/xn--pensionat-bjrkelund-16b.se\/wp-content\/uploads\/2023\/10\/large-logo.png","width":1050,"height":659,"caption":"https:\/\/xn--pensionat-bjrkelund-16b.se"},"image":{"@id":"https:\/\/xn--pensionat-bjrkelund-16b.se\/de\/#\/schema\/logo\/image\/"},"sameAs":["https:\/\/m.facebook.com\/people\/Pensionat-Bjrkelund\/100063884322381\/"]}]}},"_links":{"self":[{"href":"https:\/\/xn--pensionat-bjrkelund-16b.se\/de\/wp-json\/wp\/v2\/pages\/26066","targetHints":{"allow":["GET"]}}],"collection":[{"href":"https:\/\/xn--pensionat-bjrkelund-16b.se\/de\/wp-json\/wp\/v2\/pages"}],"about":[{"href":"https:\/\/xn--pensionat-bjrkelund-16b.se\/de\/wp-json\/wp\/v2\/types\/page"}],"author":[{"embeddable":true,"href":"https:\/\/xn--pensionat-bjrkelund-16b.se\/de\/wp-json\/wp\/v2\/users\/1"}],"replies":[{"embeddable":true,"href":"https:\/\/xn--pensionat-bjrkelund-16b.se\/de\/wp-json\/wp\/v2\/comments?post=26066"}],"version-history":[{"count":10,"href":"https:\/\/xn--pensionat-bjrkelund-16b.se\/de\/wp-json\/wp\/v2\/pages\/26066\/revisions"}],"predecessor-version":[{"id":26448,"href":"https:\/\/xn--pensionat-bjrkelund-16b.se\/de\/wp-json\/wp\/v2\/pages\/26066\/revisions\/26448"}],"wp:attachment":[{"href":"https:\/\/xn--pensionat-bjrkelund-16b.se\/de\/wp-json\/wp\/v2\/media?parent=26066"}],"wp:term":[{"taxonomy":"dipi_cpt_category","embeddable":true,"href":"https:\/\/xn--pensionat-bjrkelund-16b.se\/de\/wp-json\/wp\/v2\/dipi_cpt_category?post=26066"}],"curies":[{"name":"wp","href":"https:\/\/api.w.org\/{rel}","templated":true}]}}