{"id":26065,"date":"2023-09-22T11:02:24","date_gmt":"2023-09-22T09:02:24","guid":{"rendered":"https:\/\/develop.visionmedia.nu\/pensionat-bjorkelund\/kontakt\/"},"modified":"2025-09-24T11:55:13","modified_gmt":"2025-09-24T09:55:13","slug":"kontakt","status":"publish","type":"page","link":"https:\/\/xn--pensionat-bjrkelund-16b.se\/en\/kontakt\/","title":{"rendered":"Contact"},"content":{"rendered":"<p>[et_pb_section fb_built=&#8221;1&#8243; _builder_version=&#8221;4.22.2&#8243; background_color=&#8221;rgba(0,0,0,0.13)&#8221; background_image=&#8221;https:\/\/xn--pensionat-bjrkelund-16b.se\/wp-content\/uploads\/2023\/09\/header-2023-09-22T131159.921.jpg&#8221; background_blend=&#8221;overlay&#8221; custom_padding=&#8221;105px||105px||true|&#8221; saved_tabs=&#8221;all&#8221; locked=&#8221;off&#8221; global_colors_info=&#8221;{}&#8221;][et_pb_row _builder_version=&#8221;4.22.2&#8243; width=&#8221;90%&#8221; max_width=&#8221;1200px&#8221; global_colors_info=&#8221;{}&#8221;][et_pb_column type=&#8221;4_4&#8243; _builder_version=&#8221;4.16&#8243; custom_padding=&#8221;|||&#8221; global_colors_info=&#8221;{}&#8221; custom_padding__hover=&#8221;|||&#8221;][et_pb_post_title meta=&#8221;off&#8221; featured_image=&#8221;off&#8221; _builder_version=&#8221;4.22.2&#8243; title_font=&#8221;|700||on|||||&#8221; title_text_align=&#8221;left&#8221; title_text_color=&#8221;#ffffff&#8221; title_font_size=&#8221;7vh&#8221; title_font_size_tablet=&#8221;&#8221; title_font_size_phone=&#8221;7vh&#8221; title_font_size_last_edited=&#8221;on|phone&#8221; global_colors_info=&#8221;{}&#8221;][\/et_pb_post_title][\/et_pb_column][\/et_pb_row][\/et_pb_section][et_pb_section fb_built=&#8221;1&#8243; admin_label=&#8221;Featured Products&#8221; _builder_version=&#8221;4.16&#8243; custom_padding=&#8221;80px|0px|80px|0px|true&#8221; locked=&#8221;off&#8221; global_colors_info=&#8221;{}&#8221;][et_pb_row column_structure=&#8221;2_3,1_3&#8243; _builder_version=&#8221;4.22.2&#8243; width=&#8221;90%&#8221; max_width=&#8221;1200px&#8221; custom_padding=&#8221;27px|0px|16px|0px|false|false&#8221; global_colors_info=&#8221;{}&#8221;][et_pb_column type=&#8221;2_3&#8243; _builder_version=&#8221;4.16&#8243; custom_padding=&#8221;|||&#8221; global_colors_info=&#8221;{}&#8221; custom_padding__hover=&#8221;|||&#8221;][et_pb_text _builder_version=&#8221;4.22.2&#8243; text_font=&#8221;Oswald|||on|||||&#8221; text_text_color=&#8221;#be982f&#8221; text_font_size=&#8221;16px&#8221; text_letter_spacing=&#8221;1px&#8221; text_line_height=&#8221;1em&#8221; custom_margin=&#8221;||0px|||&#8221; global_colors_info=&#8221;{}&#8221;]Pensionat Bj\u00f6rkelund[\/et_pb_text][et_pb_text _builder_version=&#8221;4.22.2&#8243; header_3_font=&#8221;Old Standard TT|700|||||||&#8221; header_3_text_align=&#8221;left&#8221; header_3_text_color=&#8221;#353330&#8243; header_3_font_size=&#8221;45px&#8221; custom_margin=&#8221;|0px|-2px|0px|false|false&#8221; custom_margin_tablet=&#8221;-10px||||false|false&#8221; custom_margin_phone=&#8221;-10px||||false|false&#8221; custom_margin_last_edited=&#8221;on|phone&#8221; custom_padding=&#8221;6px|0px||0px|false|false&#8221; header_3_font_size_tablet=&#8221;&#8221; header_3_font_size_phone=&#8221;30px&#8221; header_3_font_size_last_edited=&#8221;on|phone&#8221; global_colors_info=&#8221;{}&#8221;]<\/p>\n<h3>Directions<\/h3>\n<p>[\/et_pb_text][et_pb_text _builder_version=&#8221;4.22.2&#8243; text_font=&#8221;Old Standard TT||||||||&#8221; text_text_color=&#8221;#716e6b&#8221; text_font_size=&#8221;18px&#8221; text_line_height=&#8221;1.8em&#8221; custom_margin=&#8221;-3px||||false|false&#8221; custom_margin_tablet=&#8221;-10px||||false|false&#8221; custom_margin_phone=&#8221;-10px||||false|false&#8221; custom_margin_last_edited=&#8221;on|phone&#8221; global_colors_info=&#8221;{}&#8221;]<\/p>\n<p>We are located on the old mainstreet (V\u00e4xj\u00f6v\u00e4gen) between \u00c4lmhult and Di\u00f6. Please use the exit &#8220;M\u00f6ckeln&#8221; from the road 23 (from Malm\u00f6) or the exit Liatorp (from V\u00e4xjo).<br \/>GPS: 56.610056 \/ 14.180951<\/p>\n<p>The next airport is Copenhagen or V\u00e4xj\u00f6 Airport. From Copenhagen there is a direct train to us.<br \/>By train, please use the stations \u00c4lmhult or Di\u00f6.<\/p>\n<p>The next car rental service station is in \u00c4lmhult.<\/p>\n<p>[\/et_pb_text][\/et_pb_column][et_pb_column type=&#8221;1_3&#8243; _builder_version=&#8221;4.16&#8243; custom_padding=&#8221;|||&#8221; global_colors_info=&#8221;{}&#8221; custom_padding__hover=&#8221;|||&#8221;][et_pb_image src=&#8221;https:\/\/xn--pensionat-bjrkelund-16b.se\/wp-content\/uploads\/2023\/10\/imgcard-2023-10-18T153117.951.jpg&#8221; title_text=&#8221;imgcard &#8211; 2023-10-18T153117.951&#8243; _builder_version=&#8221;4.22.2&#8243; _module_preset=&#8221;default&#8221; global_colors_info=&#8221;{}&#8221;][\/et_pb_image][\/et_pb_column][\/et_pb_row][\/et_pb_section][et_pb_section fb_built=&#8221;1&#8243; _builder_version=&#8221;4.16&#8243; background_color=&#8221;rgba(0,0,0,0)&#8221; custom_padding=&#8221;0px|0px|78px|0px|false|false&#8221; locked=&#8221;off&#8221; global_colors_info=&#8221;{}&#8221;][et_pb_row column_structure=&#8221;1_3,1_3,1_3&#8243; use_custom_gutter=&#8221;on&#8221; gutter_width=&#8221;1&#8243; make_equal=&#8221;on&#8221; _builder_version=&#8221;4.22.2&#8243; background_color=&#8221;#be982f&#8221; z_index=&#8221;999&#8243; custom_padding=&#8221;64px||64px||true|&#8221; global_colors_info=&#8221;{}&#8221;][et_pb_column type=&#8221;1_3&#8243; _builder_version=&#8221;4.16&#8243; custom_padding=&#8221;|||&#8221; global_colors_info=&#8221;{}&#8221; custom_padding__hover=&#8221;|||&#8221;][et_pb_blurb title=&#8221;Phone&#8221; use_icon=&#8221;on&#8221; font_icon=&#8221;&#xe00b;||divi||400&#8243; icon_color=&#8221;#ffffff&#8221; image_icon_width=&#8221;50px&#8221; _builder_version=&#8221;4.22.2&#8243; header_font=&#8221;|700||on|||||&#8221; header_text_align=&#8221;center&#8221; header_text_color=&#8221;#ffffff&#8221; header_font_size=&#8221;18px&#8221; body_font=&#8221;|300|||||||&#8221; body_text_align=&#8221;center&#8221; body_text_color=&#8221;#ffffff&#8221; body_font_size=&#8221;16px&#8221; body_line_height=&#8221;1.8em&#8221; background_color=&#8221;rgba(56,56,56,0)&#8221; custom_padding=&#8221;0px|33px|0px|33px|true|true&#8221; animation=&#8221;off&#8221; border_color_all=&#8221;#297FCA&#8221; icon_font_size=&#8221;50px&#8221; global_colors_info=&#8221;{}&#8221;]<\/p>\n<p>Call us<br \/><strong>+46 (0)476 211 11<br \/>+46 (0)723 871 852<\/strong><strong> <\/strong><\/p>\n<p><strong><\/strong><\/p>\n<p>[\/et_pb_blurb][\/et_pb_column][et_pb_column type=&#8221;1_3&#8243; _builder_version=&#8221;4.16&#8243; custom_padding=&#8221;|||&#8221; global_colors_info=&#8221;{}&#8221; custom_padding__hover=&#8221;|||&#8221;][et_pb_blurb title=&#8221;Email&#8221; use_icon=&#8221;on&#8221; font_icon=&#8221;&#xe010;||divi||400&#8243; icon_color=&#8221;#ffffff&#8221; image_icon_width=&#8221;50px&#8221; _builder_version=&#8221;4.22.2&#8243; header_font=&#8221;|700||on|||||&#8221; header_text_align=&#8221;center&#8221; header_text_color=&#8221;#ffffff&#8221; header_font_size=&#8221;18px&#8221; body_font=&#8221;|300|||||||&#8221; body_text_align=&#8221;center&#8221; body_text_color=&#8221;#ffffff&#8221; body_font_size=&#8221;16px&#8221; body_line_height=&#8221;1.8em&#8221; background_color=&#8221;rgba(56,56,56,0)&#8221; custom_padding=&#8221;0px|33px|0px|33px|true|true&#8221; animation=&#8221;off&#8221; border_color_all=&#8221;#297FCA&#8221; border_width_right=&#8221;1px&#8221; border_color_right=&#8221;rgba(226,226,226,0.24)&#8221; border_width_left=&#8221;1px&#8221; border_color_left=&#8221;rgba(226,226,226,0.24)&#8221; icon_font_size=&#8221;50px&#8221; global_colors_info=&#8221;{}&#8221;]<\/p>\n<p>Questions?<\/p>\n<p><strong>info@pensionat-bjorkelund.se<\/strong><\/p>\n<p>[\/et_pb_blurb][\/et_pb_column][et_pb_column type=&#8221;1_3&#8243; _builder_version=&#8221;4.16&#8243; custom_padding=&#8221;|||&#8221; global_colors_info=&#8221;{}&#8221; custom_padding__hover=&#8221;|||&#8221;][et_pb_blurb title=&#8221;Address&#8221; use_icon=&#8221;on&#8221; font_icon=&#8221;&#xe01d;||divi||400&#8243; icon_color=&#8221;#ffffff&#8221; image_icon_width=&#8221;50px&#8221; _builder_version=&#8221;4.22.2&#8243; header_font=&#8221;|700||on|||||&#8221; header_text_align=&#8221;center&#8221; header_text_color=&#8221;#ffffff&#8221; header_font_size=&#8221;18px&#8221; body_font=&#8221;|300|||||||&#8221; body_text_align=&#8221;center&#8221; body_text_color=&#8221;#ffffff&#8221; body_font_size=&#8221;16px&#8221; body_line_height=&#8221;1.8em&#8221; background_color=&#8221;rgba(56,56,56,0)&#8221; custom_padding=&#8221;0px|33px|0px|33px|true|true&#8221; animation=&#8221;off&#8221; border_color_all=&#8221;#297FCA&#8221; icon_font_size=&#8221;50px&#8221; global_colors_info=&#8221;{}&#8221;]Locate us<\/p>\n<p><strong>Stenbrohult Bj\u00f6rkelund 1<br \/>\n343 71 Di\u00f6 (\u00c4lmhult)<\/strong>[\/et_pb_blurb][\/et_pb_column][\/et_pb_row][\/et_pb_section][et_pb_section fb_built=&#8221;1&#8243; fullwidth=&#8221;on&#8221; _builder_version=&#8221;4.20.2&#8243; _module_preset=&#8221;default&#8221; custom_margin=&#8221;-147px||||false|false&#8221; locked=&#8221;off&#8221; global_colors_info=&#8221;{}&#8221;][et_pb_fullwidth_map address=&#8221;BJ\u00d6RKELUND, 343 71 Di\u00f6, Sverige&#8221; zoom_level=&#8221;12&#8243; address_lat=&#8221;56.6100347&#8243; address_lng=&#8221;14.1811614&#8243; mouse_wheel=&#8221;off&#8221; _builder_version=&#8221;4.22.2&#8243; _module_preset=&#8221;default&#8221; global_colors_info=&#8221;{}&#8221;][et_pb_map_pin pin_address=&#8221;BJ\u00d6RKELUND, 343 71 Di\u00f6, Sverige&#8221; pin_address_lat=&#8221;56.6100347&#8243; pin_address_lng=&#8221;14.1811614&#8243; _builder_version=&#8221;4.22.2&#8243; _module_preset=&#8221;default&#8221; global_colors_info=&#8221;{}&#8221;][\/et_pb_map_pin][\/et_pb_fullwidth_map][\/et_pb_section]<\/p>\n","protected":false},"excerpt":{"rendered":"<p>Pensionat Bj\u00f6rkelundDirectionsWe are located on the old mainstreet (V\u00e4xj\u00f6v\u00e4gen) between \u00c4lmhult and Di\u00f6. Please use the exit &#8220;M\u00f6ckeln&#8221; from the road 23 (from Malm\u00f6) or the exit Liatorp (from V\u00e4xjo).GPS: 56.610056 \/ 14.180951 The next airport is Copenhagen or V\u00e4xj\u00f6 Airport. From Copenhagen there is a direct train to us.By train, please use the stations [&hellip;]<\/p>\n","protected":false},"author":1,"featured_media":0,"parent":0,"menu_order":0,"comment_status":"closed","ping_status":"closed","template":"","meta":{"_et_pb_use_builder":"on","_et_pb_old_content":"","_et_gb_content_width":"","_monsterinsights_skip_tracking":false,"_monsterinsights_sitenote_active":false,"_monsterinsights_sitenote_note":"","_monsterinsights_sitenote_category":0,"footnotes":""},"dipi_cpt_category":[],"class_list":["post-26065","page","type-page","status-publish","hentry"],"yoast_head":"<!-- This site is optimized with the Yoast SEO plugin v27.6 - https:\/\/yoast.com\/product\/yoast-seo-wordpress\/ -->\n<title>Contact - Pensionat Bj\u00f6rkelund<\/title>\n<meta name=\"robots\" content=\"index, follow, max-snippet:-1, max-image-preview:large, max-video-preview:-1\" \/>\n<link rel=\"canonical\" href=\"https:\/\/xn--pensionat-bjrkelund-16b.se\/en\/kontakt\/\" \/>\n<meta property=\"og:locale\" content=\"en_US\" \/>\n<meta property=\"og:type\" content=\"article\" \/>\n<meta property=\"og:title\" content=\"Contact - Pensionat Bj\u00f6rkelund\" \/>\n<meta property=\"og:description\" content=\"Pensionat Bj\u00f6rkelundDirectionsWe are located on the old mainstreet (V\u00e4xj\u00f6v\u00e4gen) between \u00c4lmhult and Di\u00f6. Please use the exit &quot;M\u00f6ckeln&quot; from the road 23 (from Malm\u00f6) or the exit Liatorp (from V\u00e4xjo).GPS: 56.610056 \/ 14.180951 The next airport is Copenhagen or V\u00e4xj\u00f6 Airport. From Copenhagen there is a direct train to us.By train, please use the stations [&hellip;]\" \/>\n<meta property=\"og:url\" content=\"https:\/\/xn--pensionat-bjrkelund-16b.se\/en\/kontakt\/\" \/>\n<meta property=\"og:site_name\" content=\"Pensionat Bj\u00f6rkelund\" \/>\n<meta property=\"article:publisher\" content=\"https:\/\/m.facebook.com\/people\/Pensionat-Bjrkelund\/100063884322381\/\" \/>\n<meta property=\"article:modified_time\" content=\"2025-09-24T09:55:13+00:00\" \/>\n<meta name=\"twitter:card\" content=\"summary_large_image\" \/>\n<meta name=\"twitter:label1\" content=\"Est. reading time\" \/>\n\t<meta name=\"twitter:data1\" content=\"5 minutes\" \/>\n<script type=\"application\/ld+json\" class=\"yoast-schema-graph\">{\"@context\":\"https:\\\/\\\/schema.org\",\"@graph\":[{\"@type\":\"WebPage\",\"@id\":\"https:\\\/\\\/xn--pensionat-bjrkelund-16b.se\\\/en\\\/kontakt\\\/\",\"url\":\"https:\\\/\\\/xn--pensionat-bjrkelund-16b.se\\\/en\\\/kontakt\\\/\",\"name\":\"Contact - Pensionat Bj\u00f6rkelund\",\"isPartOf\":{\"@id\":\"https:\\\/\\\/xn--pensionat-bjrkelund-16b.se\\\/en\\\/#website\"},\"datePublished\":\"2023-09-22T09:02:24+00:00\",\"dateModified\":\"2025-09-24T09:55:13+00:00\",\"breadcrumb\":{\"@id\":\"https:\\\/\\\/xn--pensionat-bjrkelund-16b.se\\\/en\\\/kontakt\\\/#breadcrumb\"},\"inLanguage\":\"en-US\",\"potentialAction\":[{\"@type\":\"ReadAction\",\"target\":[\"https:\\\/\\\/xn--pensionat-bjrkelund-16b.se\\\/en\\\/kontakt\\\/\"]}]},{\"@type\":\"BreadcrumbList\",\"@id\":\"https:\\\/\\\/xn--pensionat-bjrkelund-16b.se\\\/en\\\/kontakt\\\/#breadcrumb\",\"itemListElement\":[{\"@type\":\"ListItem\",\"position\":1,\"name\":\"Hem\",\"item\":\"https:\\\/\\\/xn--pensionat-bjrkelund-16b.se\\\/en\\\/\"},{\"@type\":\"ListItem\",\"position\":2,\"name\":\"Contact\"}]},{\"@type\":\"WebSite\",\"@id\":\"https:\\\/\\\/xn--pensionat-bjrkelund-16b.se\\\/en\\\/#website\",\"url\":\"https:\\\/\\\/xn--pensionat-bjrkelund-16b.se\\\/en\\\/\",\"name\":\"https:\\\/\\\/xn--pensionat-bjrkelund-16b.se\",\"description\":\"\",\"publisher\":{\"@id\":\"https:\\\/\\\/xn--pensionat-bjrkelund-16b.se\\\/en\\\/#organization\"},\"potentialAction\":[{\"@type\":\"SearchAction\",\"target\":{\"@type\":\"EntryPoint\",\"urlTemplate\":\"https:\\\/\\\/xn--pensionat-bjrkelund-16b.se\\\/en\\\/?s={search_term_string}\"},\"query-input\":{\"@type\":\"PropertyValueSpecification\",\"valueRequired\":true,\"valueName\":\"search_term_string\"}}],\"inLanguage\":\"en-US\"},{\"@type\":\"Organization\",\"@id\":\"https:\\\/\\\/xn--pensionat-bjrkelund-16b.se\\\/en\\\/#organization\",\"name\":\"https:\\\/\\\/xn--pensionat-bjrkelund-16b.se\",\"url\":\"https:\\\/\\\/xn--pensionat-bjrkelund-16b.se\\\/en\\\/\",\"logo\":{\"@type\":\"ImageObject\",\"inLanguage\":\"en-US\",\"@id\":\"https:\\\/\\\/xn--pensionat-bjrkelund-16b.se\\\/en\\\/#\\\/schema\\\/logo\\\/image\\\/\",\"url\":\"https:\\\/\\\/xn--pensionat-bjrkelund-16b.se\\\/wp-content\\\/uploads\\\/2023\\\/10\\\/large-logo.png\",\"contentUrl\":\"https:\\\/\\\/xn--pensionat-bjrkelund-16b.se\\\/wp-content\\\/uploads\\\/2023\\\/10\\\/large-logo.png\",\"width\":1050,\"height\":659,\"caption\":\"https:\\\/\\\/xn--pensionat-bjrkelund-16b.se\"},\"image\":{\"@id\":\"https:\\\/\\\/xn--pensionat-bjrkelund-16b.se\\\/en\\\/#\\\/schema\\\/logo\\\/image\\\/\"},\"sameAs\":[\"https:\\\/\\\/m.facebook.com\\\/people\\\/Pensionat-Bjrkelund\\\/100063884322381\\\/\"]}]}<\/script>\n<!-- \/ Yoast SEO plugin. -->","yoast_head_json":{"title":"Contact - Pensionat Bj\u00f6rkelund","robots":{"index":"index","follow":"follow","max-snippet":"max-snippet:-1","max-image-preview":"max-image-preview:large","max-video-preview":"max-video-preview:-1"},"canonical":"https:\/\/xn--pensionat-bjrkelund-16b.se\/en\/kontakt\/","og_locale":"en_US","og_type":"article","og_title":"Contact - Pensionat Bj\u00f6rkelund","og_description":"Pensionat Bj\u00f6rkelundDirectionsWe are located on the old mainstreet (V\u00e4xj\u00f6v\u00e4gen) between \u00c4lmhult and Di\u00f6. Please use the exit \"M\u00f6ckeln\" from the road 23 (from Malm\u00f6) or the exit Liatorp (from V\u00e4xjo).GPS: 56.610056 \/ 14.180951 The next airport is Copenhagen or V\u00e4xj\u00f6 Airport. From Copenhagen there is a direct train to us.By train, please use the stations [&hellip;]","og_url":"https:\/\/xn--pensionat-bjrkelund-16b.se\/en\/kontakt\/","og_site_name":"Pensionat Bj\u00f6rkelund","article_publisher":"https:\/\/m.facebook.com\/people\/Pensionat-Bjrkelund\/100063884322381\/","article_modified_time":"2025-09-24T09:55:13+00:00","twitter_card":"summary_large_image","twitter_misc":{"Est. reading time":"5 minutes"},"schema":{"@context":"https:\/\/schema.org","@graph":[{"@type":"WebPage","@id":"https:\/\/xn--pensionat-bjrkelund-16b.se\/en\/kontakt\/","url":"https:\/\/xn--pensionat-bjrkelund-16b.se\/en\/kontakt\/","name":"Contact - Pensionat Bj\u00f6rkelund","isPartOf":{"@id":"https:\/\/xn--pensionat-bjrkelund-16b.se\/en\/#website"},"datePublished":"2023-09-22T09:02:24+00:00","dateModified":"2025-09-24T09:55:13+00:00","breadcrumb":{"@id":"https:\/\/xn--pensionat-bjrkelund-16b.se\/en\/kontakt\/#breadcrumb"},"inLanguage":"en-US","potentialAction":[{"@type":"ReadAction","target":["https:\/\/xn--pensionat-bjrkelund-16b.se\/en\/kontakt\/"]}]},{"@type":"BreadcrumbList","@id":"https:\/\/xn--pensionat-bjrkelund-16b.se\/en\/kontakt\/#breadcrumb","itemListElement":[{"@type":"ListItem","position":1,"name":"Hem","item":"https:\/\/xn--pensionat-bjrkelund-16b.se\/en\/"},{"@type":"ListItem","position":2,"name":"Contact"}]},{"@type":"WebSite","@id":"https:\/\/xn--pensionat-bjrkelund-16b.se\/en\/#website","url":"https:\/\/xn--pensionat-bjrkelund-16b.se\/en\/","name":"https:\/\/xn--pensionat-bjrkelund-16b.se","description":"","publisher":{"@id":"https:\/\/xn--pensionat-bjrkelund-16b.se\/en\/#organization"},"potentialAction":[{"@type":"SearchAction","target":{"@type":"EntryPoint","urlTemplate":"https:\/\/xn--pensionat-bjrkelund-16b.se\/en\/?s={search_term_string}"},"query-input":{"@type":"PropertyValueSpecification","valueRequired":true,"valueName":"search_term_string"}}],"inLanguage":"en-US"},{"@type":"Organization","@id":"https:\/\/xn--pensionat-bjrkelund-16b.se\/en\/#organization","name":"https:\/\/xn--pensionat-bjrkelund-16b.se","url":"https:\/\/xn--pensionat-bjrkelund-16b.se\/en\/","logo":{"@type":"ImageObject","inLanguage":"en-US","@id":"https:\/\/xn--pensionat-bjrkelund-16b.se\/en\/#\/schema\/logo\/image\/","url":"https:\/\/xn--pensionat-bjrkelund-16b.se\/wp-content\/uploads\/2023\/10\/large-logo.png","contentUrl":"https:\/\/xn--pensionat-bjrkelund-16b.se\/wp-content\/uploads\/2023\/10\/large-logo.png","width":1050,"height":659,"caption":"https:\/\/xn--pensionat-bjrkelund-16b.se"},"image":{"@id":"https:\/\/xn--pensionat-bjrkelund-16b.se\/en\/#\/schema\/logo\/image\/"},"sameAs":["https:\/\/m.facebook.com\/people\/Pensionat-Bjrkelund\/100063884322381\/"]}]}},"_links":{"self":[{"href":"https:\/\/xn--pensionat-bjrkelund-16b.se\/en\/wp-json\/wp\/v2\/pages\/26065","targetHints":{"allow":["GET"]}}],"collection":[{"href":"https:\/\/xn--pensionat-bjrkelund-16b.se\/en\/wp-json\/wp\/v2\/pages"}],"about":[{"href":"https:\/\/xn--pensionat-bjrkelund-16b.se\/en\/wp-json\/wp\/v2\/types\/page"}],"author":[{"embeddable":true,"href":"https:\/\/xn--pensionat-bjrkelund-16b.se\/en\/wp-json\/wp\/v2\/users\/1"}],"replies":[{"embeddable":true,"href":"https:\/\/xn--pensionat-bjrkelund-16b.se\/en\/wp-json\/wp\/v2\/comments?post=26065"}],"version-history":[{"count":7,"href":"https:\/\/xn--pensionat-bjrkelund-16b.se\/en\/wp-json\/wp\/v2\/pages\/26065\/revisions"}],"predecessor-version":[{"id":26445,"href":"https:\/\/xn--pensionat-bjrkelund-16b.se\/en\/wp-json\/wp\/v2\/pages\/26065\/revisions\/26445"}],"wp:attachment":[{"href":"https:\/\/xn--pensionat-bjrkelund-16b.se\/en\/wp-json\/wp\/v2\/media?parent=26065"}],"wp:term":[{"taxonomy":"dipi_cpt_category","embeddable":true,"href":"https:\/\/xn--pensionat-bjrkelund-16b.se\/en\/wp-json\/wp\/v2\/dipi_cpt_category?post=26065"}],"curies":[{"name":"wp","href":"https:\/\/api.w.org\/{rel}","templated":true}]}}